{"id":2611,"date":"2023-01-02T06:23:41","date_gmt":"2023-01-02T06:23:41","guid":{"rendered":"http:\/\/clapat-themes.com\/wordpress\/harington\/?page_id=2611"},"modified":"2025-06-19T09:30:47","modified_gmt":"2025-06-19T07:30:47","slug":"designer-graphique","status":"publish","type":"page","link":"https:\/\/v2.adelinebreviere-studio.com\/abv2\/","title":{"rendered":"Designer Graphique"},"content":{"rendered":"\n<div class=\"wp-block-harington-gutenberg-container content-row light-section full\" data-bgcolor=\"#eeeeee\" style=\"text-align:center\">\n<div id=\"itemsWrapperLinks\"><div id=\"itemsWrapper\" class=\"scale-fitthumbs fx-two\"><!-- Portfolio Wrap --><div class=\"portfolio-wrap flex-grid content-full-width fade-scaleout-effect\"><!-- Portfolio Columns --><div class=\"portfolio portfolio-shortcode\"><div class=\"item trigger-item identite-visuelle support-de-communication change-header\" data-color=\"#f07f00\"><div class=\"item-parallax\"><div class=\"item-appear\"><div class=\"item-content\"><a class=\"item-wrap ajax-link-project\" data-type=\"page-transition\" href=\"https:\/\/v2.adelinebreviere-studio.com\/abv2\/index.php\/harington_portfolio\/wyco\/\"><\/a><div class=\"item-wrap-image\"><img decoding=\"async\" src=\"https:\/\/v2.adelinebreviere-studio.com\/abv2\/wp-content\/uploads\/2025\/06\/WC_hero_1920x1080_2.jpg\" class=\"item-image grid__item-img trigger-item-link\" alt=\"\"><\/div><img decoding=\"async\" class=\"grid__item-img grid__item-img--large\" src=\"https:\/\/v2.adelinebreviere-studio.com\/abv2\/wp-content\/uploads\/2025\/06\/WC_hero_1920x1080_2.jpg\" alt=\"\" \/><\/div><\/div><div class=\"item-caption-wrapper\"><div class=\"item-caption\"><div class=\"item-title\"><span>Wy&amp;Co<\/span><\/div><div class=\"item-cat\"><span data-hover=\"Voir le projet\">Identit\u00e9 visuelle, Support de communication<\/span><\/div><\/div><\/div><\/div><\/div><div class=\"item trigger-item rapport-dactivite change-header\" data-color=\"#34a9a9\"><div class=\"item-parallax\"><div class=\"item-appear\"><div class=\"item-content\"><a class=\"item-wrap ajax-link-project\" data-type=\"page-transition\" href=\"https:\/\/v2.adelinebreviere-studio.com\/abv2\/index.php\/harington_portfolio\/gip-rapport-dactivites-2023\/\"><\/a><div class=\"item-wrap-image\"><img decoding=\"async\" src=\"https:\/\/v2.adelinebreviere-studio.com\/abv2\/wp-content\/uploads\/2025\/06\/GIP_hero_1920x1080.jpg\" class=\"item-image grid__item-img trigger-item-link\" alt=\"\"><\/div><img decoding=\"async\" class=\"grid__item-img grid__item-img--large\" src=\"https:\/\/v2.adelinebreviere-studio.com\/abv2\/wp-content\/uploads\/2025\/06\/GIP_hero_1920x1080.jpg\" alt=\"\" \/><\/div><\/div><div class=\"item-caption-wrapper\"><div class=\"item-caption\"><div class=\"item-title\"><span>GIP R\u00e9ussite \u00c9ducative de Paris<\/span><\/div><div class=\"item-cat\"><span data-hover=\"Voir le projet\">Rapport d'activit\u00e9<\/span><\/div><\/div><\/div><\/div><\/div><div class=\"item trigger-item support-de-communication change-header\" data-color=\"#2d103f\"><div class=\"item-parallax\"><div class=\"item-appear\"><div class=\"item-content\"><a class=\"item-wrap ajax-link-project\" data-type=\"page-transition\" href=\"https:\/\/v2.adelinebreviere-studio.com\/abv2\/index.php\/harington_portfolio\/isere-habitation\/\"><\/a><div class=\"item-wrap-image\"><img decoding=\"async\" src=\"https:\/\/v2.adelinebreviere-studio.com\/abv2\/wp-content\/uploads\/2025\/06\/IH_hero_1920x1080.jpg\" class=\"item-image grid__item-img trigger-item-link\" alt=\"\"><\/div><img decoding=\"async\" class=\"grid__item-img grid__item-img--large\" src=\"https:\/\/v2.adelinebreviere-studio.com\/abv2\/wp-content\/uploads\/2025\/06\/IH_hero_1920x1080.jpg\" alt=\"\" \/><\/div><\/div><div class=\"item-caption-wrapper\"><div class=\"item-caption\"><div class=\"item-title\"><span>Is\u00e8re<\/span><span>Habitation<\/span><\/div><div class=\"item-cat\"><span data-hover=\"Voir le projet\">Support de communication<\/span><\/div><\/div><\/div><\/div><\/div><\/div><!--\/Portfolio Columns--><\/div><!--\/Portfolio Wrap--><\/div><\/div>\n<\/div>\n\n\n\n<div class=\"wp-block-harington-gutenberg-container content-row light-section normal row_padding_top row_padding_bottom row_padding_left row_padding_right\" data-bgcolor=\"#eeeeee\" style=\"text-align:left\">\n<div class=\"wp-block-columns is-layout-flex wp-container-core-columns-is-layout-9d6595d7 wp-block-columns-is-layout-flex\">\n<div class=\"wp-block-column is-layout-flow wp-block-column-is-layout-flow\"><\/div>\n\n\n\n<div class=\"wp-block-column is-layout-flow wp-block-column-is-layout-flow\">\n<div class=\"button-box \"><div class=\"clapat-button-wrap parallax-wrap hide-ball\"><div class=\"clapat-button parallax-element\"><div class=\"button-border parallax-element-second rounded\" data-btncolor=\"#1e3b73\" data-btntextcolor=\"#ffffff\"><a class=\" ajax-link animation-link\" href=\"https:\/\/v2.adelinebreviere-studio.com\/abv2\/index.php\/portfolio\/\" data-type=\"page-transition\" target=\"_self\"><span data-hover=\"+ DE PROJETS\">+ DE PROJETS<\/span><\/a><\/div><\/div><\/div><\/div>\n<\/div>\n\n\n\n<div class=\"wp-block-column is-layout-flow wp-block-column-is-layout-flow\"><\/div>\n<\/div>\n<\/div>\n\n\n\n<div class=\"wp-block-harington-gutenberg-container content-row light-section full row_padding_bottom calcom-embed-link\" data-bgcolor=\"#eeeeee\" style=\"text-align:left\">\n<div style=\"height:20px\" aria-hidden=\"true\" class=\"wp-block-spacer\"><\/div>\n\n\n\n<!-- Cal floating-popup embed code begins -->\n<script type=\"text\/javascript\">\n  (function (C, A, L) { let p = function (a, ar) { a.q.push(ar); }; let d = C.document; C.Cal = C.Cal || function () { let cal = C.Cal; let ar = arguments; if (!cal.loaded) { cal.ns = {}; cal.q = cal.q || []; d.head.appendChild(d.createElement(\"script\")).src = A; cal.loaded = true; } if (ar[0] === L) { const api = function () { p(api, arguments); }; const namespace = ar[1]; api.q = api.q || []; if(typeof namespace === \"string\"){cal.ns[namespace] = cal.ns[namespace] || api;p(cal.ns[namespace], ar);p(cal, [\"initNamespace\", namespace]);} else p(cal, ar); return;} p(cal, ar); }; })(window, \"https:\/\/app.cal.com\/embed\/embed.js\", \"init\");\nCal(\"init\", \"30min\", {origin:\"https:\/\/cal.com\"});\n\n  Cal.ns[\"30min\"](\"floatingButton\", {\"calLink\":\"adeline-breviere-dfuawg\/30min\",\"config\":{\"layout\":\"month_view\"},\"buttonColor\":\"#e83f4e\",\"buttonTextColor\":\"#ffffff\",\"buttonPosition\":\"bottom-left\",\"buttonText\":\"PRENDRE RENDEZ-VOUS\"});\n  Cal.ns[\"30min\"](\"ui\", {\"hideEventTypeDetails\":false,\"layout\":\"month_view\"});\n  <\/script>\n  <!-- Cal floating-popup embed code ends -->\n<\/div>\n\n\n\n<div class=\"wp-block-harington-gutenberg-container content-row dark-section full row_padding_bottom change-header-color\" data-bgcolor=\"#eeeeee\" style=\"text-align:left\">\n<figure class=\"has-parallax has-scale-vertical has-animation \" data-delay=\"100\"><img decoding=\"async\" src=\"https:\/\/v2.adelinebreviere-studio.com\/abv2\/wp-content\/uploads\/2025\/06\/hero_1920x1080_6.jpg\" alt=\"\"><div class=\"parallax-image-content content-max-width text-align-center\"><div class=\"outer\"><div class=\"inner\"><h4 class=\"has-mask\">Designer graphique freelance, j\u2019accompagne les entreprises, agences, collectivit\u00e9s, auto-entrepreneurs et associations dans la cr\u00e9ation, la refonte ou l\u2019\u00e9volution de leur identit\u00e9 visuelle ou de leurs outils de communication visuelle.<\/h4><\/div><\/div><\/div><\/figure>\n<\/div>\n\n\n\n<div class=\"wp-block-harington-gutenberg-container content-row light-section normal row_padding_top row_padding_bottom row_padding_left row_padding_right\" data-bgcolor=\"#eeeeee\" style=\"text-align:left\">\n<h4 class=\"wp-block-heading has-text-align-center has-text-color has-link-color wp-elements-006d9d1df48b56d796d5e72204576b3a\" style=\"color:#1e3b73\">CE QUE JE PEUX FAIRE POUR VOUS :<\/h4>\n\n\n\n<hr><hr>\n\n\n\n<div class=\"wp-block-columns is-layout-flex wp-container-core-columns-is-layout-9d6595d7 wp-block-columns-is-layout-flex\">\n<div class=\"wp-block-column is-layout-flow wp-block-column-is-layout-flow\">\n<figure class=\"wp-block-image size-full\"><img loading=\"lazy\" decoding=\"async\" width=\"470\" height=\"75\" src=\"https:\/\/v2.adelinebreviere-studio.com\/abv2\/wp-content\/uploads\/2025\/06\/AB_titre1d.png\" alt=\"\" class=\"wp-image-3358\" srcset=\"https:\/\/v2.adelinebreviere-studio.com\/abv2\/wp-content\/uploads\/2025\/06\/AB_titre1d.png 470w, https:\/\/v2.adelinebreviere-studio.com\/abv2\/wp-content\/uploads\/2025\/06\/AB_titre1d-300x48.png 300w\" sizes=\"auto, (max-width: 470px) 100vw, 470px\" \/><\/figure>\n\n\n\n<p class=\"has-text-color has-link-color has-medium-font-size wp-elements-5d2ee7c9bce5d5d0681ff29fa94dcbbe\" style=\"color:#1e3b73\">Un pack complet pour poser les bases d\u2019une image forte et coh\u00e9rente, fid\u00e8le \u00e0 votre univers et \u00e0 ce que vous avez envie de transmettre.<\/p>\n\n\n\n<div style=\"height:30px\" aria-hidden=\"true\" class=\"wp-block-spacer\"><\/div>\n\n\n\n<figure class=\"wp-block-image size-full\"><img loading=\"lazy\" decoding=\"async\" width=\"470\" height=\"75\" src=\"https:\/\/v2.adelinebreviere-studio.com\/abv2\/wp-content\/uploads\/2025\/06\/AB_titre2c.png\" alt=\"\" class=\"wp-image-3359\" srcset=\"https:\/\/v2.adelinebreviere-studio.com\/abv2\/wp-content\/uploads\/2025\/06\/AB_titre2c.png 470w, https:\/\/v2.adelinebreviere-studio.com\/abv2\/wp-content\/uploads\/2025\/06\/AB_titre2c-300x48.png 300w\" sizes=\"auto, (max-width: 470px) 100vw, 470px\" \/><\/figure>\n\n\n\n<p class=\"has-text-color has-link-color has-medium-font-size wp-elements-ac651248ed36a2cd87b7b94d52c1d867\" style=\"color:#1e3b73\">Des supports pens\u00e9s pour faire vivre votre identit\u00e9 visuelle, que nous venions de la cr\u00e9er ensemble ou qu\u2019elle soit d\u00e9j\u00e0 en place et pr\u00eate \u00e0 \u00eatre d\u00e9ploy\u00e9e.<\/p>\n\n\n\n<p class=\"has-text-color has-link-color has-medium-font-size wp-elements-19f0bfbab044f1db19b884440eacec67\" style=\"color:#1e3b73\"><\/p>\n<\/div>\n\n\n\n<div class=\"wp-block-column is-layout-flow wp-block-column-is-layout-flow\">\n<figure class=\"wp-block-image size-full\"><img loading=\"lazy\" decoding=\"async\" width=\"470\" height=\"75\" src=\"https:\/\/v2.adelinebreviere-studio.com\/abv2\/wp-content\/uploads\/2025\/06\/AB_titre3c.png\" alt=\"\" class=\"wp-image-3360\" srcset=\"https:\/\/v2.adelinebreviere-studio.com\/abv2\/wp-content\/uploads\/2025\/06\/AB_titre3c.png 470w, https:\/\/v2.adelinebreviere-studio.com\/abv2\/wp-content\/uploads\/2025\/06\/AB_titre3c-300x48.png 300w\" sizes=\"auto, (max-width: 470px) 100vw, 470px\" \/><\/figure>\n\n\n\n<p class=\"has-animation has-text-color has-link-color has-medium-font-size wp-elements-4fda96e43551bcd538e09be858a186ec\" style=\"color:#1e3b73\">Des documents structur\u00e9s, clairs et esth\u00e9tiques pour valoriser vos r\u00e9sultats, partager vos r\u00e9ussites et renforcer votre image de marque.<\/p>\n\n\n\n<div style=\"height:30px\" aria-hidden=\"true\" class=\"wp-block-spacer\"><\/div>\n\n\n\n<figure class=\"wp-block-image size-full\"><img loading=\"lazy\" decoding=\"async\" width=\"470\" height=\"75\" src=\"https:\/\/v2.adelinebreviere-studio.com\/abv2\/wp-content\/uploads\/2025\/06\/AB_titre4c.png\" alt=\"\" class=\"wp-image-3361\" srcset=\"https:\/\/v2.adelinebreviere-studio.com\/abv2\/wp-content\/uploads\/2025\/06\/AB_titre4c.png 470w, https:\/\/v2.adelinebreviere-studio.com\/abv2\/wp-content\/uploads\/2025\/06\/AB_titre4c-300x48.png 300w\" sizes=\"auto, (max-width: 470px) 100vw, 470px\" \/><\/figure>\n\n\n\n<p class=\"has-text-color has-link-color has-medium-font-size wp-elements-b1786f9f7eb50b0930550c77f6dc0187\" style=\"color:#1e3b73\">Un forfait pens\u00e9 pour m&#8217;avoir \u00e0 vos c\u00f4t\u00e9s exclusivement, le temps d\u2019une journ\u00e9e ou d\u2019une semaine, afin d&#8217;avancer efficacement, sur vos projets.<\/p>\n\n\n\n<p class=\"has-text-color has-link-color has-medium-font-size wp-elements-19f0bfbab044f1db19b884440eacec67\" style=\"color:#1e3b73\"><\/p>\n<\/div>\n<\/div>\n\n\n\n<div class=\"wp-block-columns is-layout-flex wp-container-core-columns-is-layout-9d6595d7 wp-block-columns-is-layout-flex\">\n<div class=\"wp-block-column is-layout-flow wp-block-column-is-layout-flow\">\n<div style=\"height:30px\" aria-hidden=\"true\" class=\"wp-block-spacer\"><\/div>\n<\/div>\n\n\n\n<div class=\"wp-block-column is-layout-flow wp-block-column-is-layout-flow\">\n<div style=\"height:30px\" aria-hidden=\"true\" class=\"wp-block-spacer\"><\/div>\n<\/div>\n<\/div>\n\n\n\n<div class=\"wp-block-columns is-layout-flex wp-container-core-columns-is-layout-9d6595d7 wp-block-columns-is-layout-flex\">\n<div class=\"wp-block-column is-layout-flow wp-block-column-is-layout-flow\"><\/div>\n\n\n\n<div class=\"wp-block-column is-layout-flow wp-block-column-is-layout-flow\">\n<div class=\"button-box \"><div class=\"clapat-button-wrap parallax-wrap hide-ball\"><div class=\"clapat-button parallax-element\"><div class=\"button-border parallax-element-second rounded\" data-btncolor=\"#1e3b73\" data-btntextcolor=\"#ffffff\"><a class=\" ajax-link animation-link\" href=\"http:\/\/\" data-type=\"page-transition\" target=\"_self\"><span data-hover=\"EN SAVOIR PLUS\">EN SAVOIR PLUS<\/span><\/a><\/div><\/div><\/div><\/div>\n<\/div>\n\n\n\n<div class=\"wp-block-column is-layout-flow wp-block-column-is-layout-flow\"><\/div>\n<\/div>\n<\/div>\n\n\n\n<p><\/p>\n\n\n\n<div class=\"wp-block-harington-gutenberg-container content-row dark-section full row_padding_top row_padding_bottom change-header-color\" data-bgcolor=\"#eeeeee\" style=\"text-align:left\">\n<figure class=\"has-parallax has-scale-vertical has-animation \" data-delay=\"100\"><img decoding=\"async\" src=\"https:\/\/v2.adelinebreviere-studio.com\/abv2\/wp-content\/uploads\/2025\/06\/hero_1920x1080_4.jpg\" alt=\"\"><div class=\"parallax-image-content content-max-width text-align-center\"><div class=\"outer\"><div class=\"inner\"><h4 class=\"has-mask\">Cr\u00e9er avec vous,\nune communication qui vous ressemble !<\/h4><\/div><\/div><\/div><\/figure>\n<\/div>\n","protected":false},"excerpt":{"rendered":"","protected":false},"author":1,"featured_media":0,"parent":0,"menu_order":0,"comment_status":"closed","ping_status":"closed","template":"","meta":{"footnotes":""},"class_list":["post-2611","page","type-page","status-publish","hentry"],"yoast_head":"<!-- This site is optimized with the Yoast SEO plugin v24.8.1 - https:\/\/yoast.com\/wordpress\/plugins\/seo\/ -->\n<title>Designer Graphique - Adeline Brevi\u00e8re<\/title>\n<meta name=\"robots\" content=\"index, follow, max-snippet:-1, max-image-preview:large, max-video-preview:-1\" \/>\n<link rel=\"canonical\" href=\"https:\/\/v2.adelinebreviere-studio.com\/abv2\/\" \/>\n<meta property=\"og:locale\" content=\"en_US\" \/>\n<meta property=\"og:type\" content=\"article\" \/>\n<meta property=\"og:title\" content=\"Designer Graphique - Adeline Brevi\u00e8re\" \/>\n<meta property=\"og:url\" content=\"https:\/\/v2.adelinebreviere-studio.com\/abv2\/\" \/>\n<meta property=\"og:site_name\" content=\"Adeline Brevi\u00e8re\" \/>\n<meta property=\"article:modified_time\" content=\"2025-06-19T07:30:47+00:00\" \/>\n<meta property=\"og:image\" content=\"https:\/\/v2.adelinebreviere-studio.com\/abv2\/wp-content\/uploads\/2025\/06\/AB_titre1d.png\" \/>\n<meta name=\"twitter:card\" content=\"summary_large_image\" \/>\n<meta name=\"twitter:label1\" content=\"Est. reading time\" \/>\n\t<meta name=\"twitter:data1\" content=\"2 minutes\" \/>\n<script type=\"application\/ld+json\" class=\"yoast-schema-graph\">{\"@context\":\"https:\/\/schema.org\",\"@graph\":[{\"@type\":\"WebPage\",\"@id\":\"https:\/\/v2.adelinebreviere-studio.com\/abv2\/\",\"url\":\"https:\/\/v2.adelinebreviere-studio.com\/abv2\/\",\"name\":\"Designer Graphique - Adeline Brevi\u00e8re\",\"isPartOf\":{\"@id\":\"https:\/\/v2.adelinebreviere-studio.com\/abv2\/#website\"},\"primaryImageOfPage\":{\"@id\":\"https:\/\/v2.adelinebreviere-studio.com\/abv2\/#primaryimage\"},\"image\":{\"@id\":\"https:\/\/v2.adelinebreviere-studio.com\/abv2\/#primaryimage\"},\"thumbnailUrl\":\"https:\/\/v2.adelinebreviere-studio.com\/abv2\/wp-content\/uploads\/2025\/06\/AB_titre1d.png\",\"datePublished\":\"2023-01-02T06:23:41+00:00\",\"dateModified\":\"2025-06-19T07:30:47+00:00\",\"breadcrumb\":{\"@id\":\"https:\/\/v2.adelinebreviere-studio.com\/abv2\/#breadcrumb\"},\"inLanguage\":\"en-US\",\"potentialAction\":[{\"@type\":\"ReadAction\",\"target\":[\"https:\/\/v2.adelinebreviere-studio.com\/abv2\/\"]}]},{\"@type\":\"ImageObject\",\"inLanguage\":\"en-US\",\"@id\":\"https:\/\/v2.adelinebreviere-studio.com\/abv2\/#primaryimage\",\"url\":\"https:\/\/v2.adelinebreviere-studio.com\/abv2\/wp-content\/uploads\/2025\/06\/AB_titre1d.png\",\"contentUrl\":\"https:\/\/v2.adelinebreviere-studio.com\/abv2\/wp-content\/uploads\/2025\/06\/AB_titre1d.png\",\"width\":470,\"height\":75},{\"@type\":\"BreadcrumbList\",\"@id\":\"https:\/\/v2.adelinebreviere-studio.com\/abv2\/#breadcrumb\",\"itemListElement\":[{\"@type\":\"ListItem\",\"position\":1,\"name\":\"Accueil\",\"item\":\"https:\/\/v2.adelinebreviere-studio.com\/abv2\/\"},{\"@type\":\"ListItem\",\"position\":2,\"name\":\"Designer Graphique\"}]},{\"@type\":\"WebSite\",\"@id\":\"https:\/\/v2.adelinebreviere-studio.com\/abv2\/#website\",\"url\":\"https:\/\/v2.adelinebreviere-studio.com\/abv2\/\",\"name\":\"Adeline Brevi\u00e8re\",\"description\":\"Designer Graphique\",\"potentialAction\":[{\"@type\":\"SearchAction\",\"target\":{\"@type\":\"EntryPoint\",\"urlTemplate\":\"https:\/\/v2.adelinebreviere-studio.com\/abv2\/?s={search_term_string}\"},\"query-input\":{\"@type\":\"PropertyValueSpecification\",\"valueRequired\":true,\"valueName\":\"search_term_string\"}}],\"inLanguage\":\"en-US\"}]}<\/script>\n<!-- \/ Yoast SEO plugin. -->","yoast_head_json":{"title":"Designer Graphique - Adeline Brevi\u00e8re","robots":{"index":"index","follow":"follow","max-snippet":"max-snippet:-1","max-image-preview":"max-image-preview:large","max-video-preview":"max-video-preview:-1"},"canonical":"https:\/\/v2.adelinebreviere-studio.com\/abv2\/","og_locale":"en_US","og_type":"article","og_title":"Designer Graphique - Adeline Brevi\u00e8re","og_url":"https:\/\/v2.adelinebreviere-studio.com\/abv2\/","og_site_name":"Adeline Brevi\u00e8re","article_modified_time":"2025-06-19T07:30:47+00:00","og_image":[{"url":"https:\/\/v2.adelinebreviere-studio.com\/abv2\/wp-content\/uploads\/2025\/06\/AB_titre1d.png","type":"","width":"","height":""}],"twitter_card":"summary_large_image","twitter_misc":{"Est. reading time":"2 minutes"},"schema":{"@context":"https:\/\/schema.org","@graph":[{"@type":"WebPage","@id":"https:\/\/v2.adelinebreviere-studio.com\/abv2\/","url":"https:\/\/v2.adelinebreviere-studio.com\/abv2\/","name":"Designer Graphique - Adeline Brevi\u00e8re","isPartOf":{"@id":"https:\/\/v2.adelinebreviere-studio.com\/abv2\/#website"},"primaryImageOfPage":{"@id":"https:\/\/v2.adelinebreviere-studio.com\/abv2\/#primaryimage"},"image":{"@id":"https:\/\/v2.adelinebreviere-studio.com\/abv2\/#primaryimage"},"thumbnailUrl":"https:\/\/v2.adelinebreviere-studio.com\/abv2\/wp-content\/uploads\/2025\/06\/AB_titre1d.png","datePublished":"2023-01-02T06:23:41+00:00","dateModified":"2025-06-19T07:30:47+00:00","breadcrumb":{"@id":"https:\/\/v2.adelinebreviere-studio.com\/abv2\/#breadcrumb"},"inLanguage":"en-US","potentialAction":[{"@type":"ReadAction","target":["https:\/\/v2.adelinebreviere-studio.com\/abv2\/"]}]},{"@type":"ImageObject","inLanguage":"en-US","@id":"https:\/\/v2.adelinebreviere-studio.com\/abv2\/#primaryimage","url":"https:\/\/v2.adelinebreviere-studio.com\/abv2\/wp-content\/uploads\/2025\/06\/AB_titre1d.png","contentUrl":"https:\/\/v2.adelinebreviere-studio.com\/abv2\/wp-content\/uploads\/2025\/06\/AB_titre1d.png","width":470,"height":75},{"@type":"BreadcrumbList","@id":"https:\/\/v2.adelinebreviere-studio.com\/abv2\/#breadcrumb","itemListElement":[{"@type":"ListItem","position":1,"name":"Accueil","item":"https:\/\/v2.adelinebreviere-studio.com\/abv2\/"},{"@type":"ListItem","position":2,"name":"Designer Graphique"}]},{"@type":"WebSite","@id":"https:\/\/v2.adelinebreviere-studio.com\/abv2\/#website","url":"https:\/\/v2.adelinebreviere-studio.com\/abv2\/","name":"Adeline Brevi\u00e8re","description":"Designer Graphique","potentialAction":[{"@type":"SearchAction","target":{"@type":"EntryPoint","urlTemplate":"https:\/\/v2.adelinebreviere-studio.com\/abv2\/?s={search_term_string}"},"query-input":{"@type":"PropertyValueSpecification","valueRequired":true,"valueName":"search_term_string"}}],"inLanguage":"en-US"}]}},"_links":{"self":[{"href":"https:\/\/v2.adelinebreviere-studio.com\/abv2\/index.php\/wp-json\/wp\/v2\/pages\/2611","targetHints":{"allow":["GET"]}}],"collection":[{"href":"https:\/\/v2.adelinebreviere-studio.com\/abv2\/index.php\/wp-json\/wp\/v2\/pages"}],"about":[{"href":"https:\/\/v2.adelinebreviere-studio.com\/abv2\/index.php\/wp-json\/wp\/v2\/types\/page"}],"author":[{"embeddable":true,"href":"https:\/\/v2.adelinebreviere-studio.com\/abv2\/index.php\/wp-json\/wp\/v2\/users\/1"}],"replies":[{"embeddable":true,"href":"https:\/\/v2.adelinebreviere-studio.com\/abv2\/index.php\/wp-json\/wp\/v2\/comments?post=2611"}],"version-history":[{"count":80,"href":"https:\/\/v2.adelinebreviere-studio.com\/abv2\/index.php\/wp-json\/wp\/v2\/pages\/2611\/revisions"}],"predecessor-version":[{"id":3473,"href":"https:\/\/v2.adelinebreviere-studio.com\/abv2\/index.php\/wp-json\/wp\/v2\/pages\/2611\/revisions\/3473"}],"wp:attachment":[{"href":"https:\/\/v2.adelinebreviere-studio.com\/abv2\/index.php\/wp-json\/wp\/v2\/media?parent=2611"}],"curies":[{"name":"wp","href":"https:\/\/api.w.org\/{rel}","templated":true}]}}